{"id":6907,"date":"2023-10-24T18:14:10","date_gmt":"2023-10-24T15:14:10","guid":{"rendered":"https:\/\/www.madeinitaly.ly\/%d9%81%d9%8a-%d9%85%d8%a7-%d9%8a%d8%ae%d8%b5%d9%86%d8%a7\/"},"modified":"2023-11-15T17:24:52","modified_gmt":"2023-11-15T14:24:52","slug":"per-quanto-ci-riguarda","status":"publish","type":"page","link":"https:\/\/www.madeinitaly.ly\/it\/per-quanto-ci-riguarda\/","title":{"rendered":"Per quanto ci riguarda"},"content":{"rendered":"\t\t<div data-elementor-type=\"wp-page\" data-elementor-id=\"6907\" class=\"elementor elementor-6907\">\n\t\t\t\t\t\t\t\t\t<section class=\"elementor-section elementor-top-section elementor-element elementor-element-7c89838d elementor-section-stretched elementor-section-height-min-height elementor-section-boxed elementor-section-height-default elementor-section-items-middle\" data-id=\"7c89838d\" data-element_type=\"section\" data-settings=\"{&quot;stretch_section&quot;:&quot;section-stretched&quot;,&quot;background_background&quot;:&quot;classic&quot;}\">\n\t\t\t\t\t\t<div class=\"elementor-container elementor-column-gap-default\">\n\t\t\t\t\t<div class=\"aux-parallax-section elementor-column elementor-col-100 elementor-top-column elementor-element elementor-element-51ad86fa aux-appear-watch-animation aux-fade-in-right\" data-id=\"51ad86fa\" data-element_type=\"column\">\n\t\t\t<div class=\"elementor-widget-wrap elementor-element-populated\">\n\t\t\t\t\t\t\t\t<div class=\"elementor-element elementor-element-65ae90d0 elementor-widget elementor-widget-aux_modern_heading\" data-id=\"65ae90d0\" data-element_type=\"widget\" data-widget_type=\"aux_modern_heading.default\">\n\t\t\t\t<div class=\"elementor-widget-container\">\n\t\t\t<section class=\"aux-widget-modern-heading\">\n            <div class=\"aux-widget-inner\"><h2 class=\"aux-modern-heading-primary\">Per quanto ci riguarda<\/h2><\/div>\n        <\/section>\t\t<\/div>\n\t\t\t\t<\/div>\n\t\t\t\t\t<\/div>\n\t\t<\/div>\n\t\t\t\t\t\t\t<\/div>\n\t\t<\/section>\n\t\t\t\t<section class=\"elementor-section elementor-top-section elementor-element elementor-element-ca2a472 elementor-section-content-middle elementor-section-boxed elementor-section-height-default elementor-section-height-default\" data-id=\"ca2a472\" data-element_type=\"section\">\n\t\t\t\t\t\t<div class=\"elementor-container elementor-column-gap-default\">\n\t\t\t\t\t<div class=\"aux-parallax-section elementor-column elementor-col-50 elementor-top-column elementor-element elementor-element-2ce959dd\" data-id=\"2ce959dd\" data-element_type=\"column\">\n\t\t\t<div class=\"elementor-widget-wrap elementor-element-populated\">\n\t\t\t\t\t\t\t\t<div class=\"elementor-element elementor-element-49d9de1 aux-appear-watch-animation aux-fade-in-up elementor-widget elementor-widget-aux_modern_heading\" data-id=\"49d9de1\" data-element_type=\"widget\" data-widget_type=\"aux_modern_heading.default\">\n\t\t\t\t<div class=\"elementor-widget-container\">\n\t\t\t<section class=\"aux-widget-modern-heading\">\n            <div class=\"aux-widget-inner\"><h2 class=\"aux-modern-heading-primary\">\"Prodotto in Italia\"<\/h2><h3 class=\"aux-modern-heading-secondary\"><span class=\"aux-head-before\">Un viaggio unico nel mondo della creativit\u00e0 italiana<\/span><\/h3><div class=\"aux-modern-heading-divider\"><\/div><div class=\"aux-modern-heading-description\"><p>Fiera \"Made in Italy\" \u00e8 la principale destinazione in Libia per esplorare il mondo della creativit\u00e0 italiana. Dopo il grande successo della prima edizione, la fiera si prepara per la seconda edizione, sotto la supervisione di Alnakhla Almoddia Co e in collaborazione con la Camera di Commercio Italo-Libica.<\/p><p>Questa fiera riunisce una variet\u00e0 di industrie e prodotti italiani di alta qualit\u00e0 e mira a mettere in evidenza i marchi che godono di una posizione di prestigio nei mercati internazionali.<\/p><\/div><\/div>\n        <\/section>\t\t<\/div>\n\t\t\t\t<\/div>\n\t\t\t\t\t<\/div>\n\t\t<\/div>\n\t\t\t\t<div class=\"aux-parallax-section elementor-column elementor-col-50 elementor-top-column elementor-element elementor-element-1d8d0f19 aux-appear-watch-animation aux-scale-down\" data-id=\"1d8d0f19\" data-element_type=\"column\">\n\t\t\t<div class=\"elementor-widget-wrap elementor-element-populated\">\n\t\t\t\t\t\t\t\t<div class=\"elementor-element elementor-element-2d5cedba elementor-widget elementor-widget-aux_image\" data-id=\"2d5cedba\" data-element_type=\"widget\" data-widget_type=\"aux_image.default\">\n\t\t\t\t<div class=\"elementor-widget-container\">\n\t\t\t<section class=\"widget-container aux-widget-image aux-alignnone aux-parent-auc28c6f65\">\n    <div class=\"aux-media-hint-frame \">\n        <div class=\"aux-media-image \" >\n        \n            \n\n            \n            <img loading=\"lazy\" decoding=\"async\" width=\"784\" height=\"512\" src=\"image\/gif;base64,R0lGODlhAQABAIAAAAAAAP\/\/\/yH5BAEAAAAALAAAAAABAAEAAAIBRAA7\" class=\"aux-attachment aux-featured-image aux-attachment-id-6402 aux-preload aux-blank\" alt=\"two-young-architects-in-office-PCDA566-min-784x700\" data-ratio=\"1.53\" data-original-w=\"784\" sizes=\"auto\" data-srcset=\"https:\/\/www.madeinitaly.ly\/wp-content\/uploads\/2023\/10\/two-young-architects-in-office-PCDA566-min-784x700-1-150x98.png 150w,https:\/\/www.madeinitaly.ly\/wp-content\/uploads\/2023\/10\/two-young-architects-in-office-PCDA566-min-784x700-1-300x196.png 300w,https:\/\/www.madeinitaly.ly\/wp-content\/uploads\/2023\/10\/two-young-architects-in-office-PCDA566-min-784x700-1-768x502.png 768w,https:\/\/www.madeinitaly.ly\/wp-content\/uploads\/2023\/10\/two-young-architects-in-office-PCDA566-min-784x700-1-784x512.png 784w\" data-src=\"https:\/\/www.madeinitaly.ly\/wp-content\/uploads\/2023\/10\/two-young-architects-in-office-PCDA566-min-784x700-1-784x512.png\" \/>            \n                <\/div>\n    <\/div>\n\n<\/section><!-- widget-container -->\t\t<\/div>\n\t\t\t\t<\/div>\n\t\t\t\t\t<\/div>\n\t\t<\/div>\n\t\t\t\t\t\t\t<\/div>\n\t\t<\/section>\n\t\t\t\t<section class=\"elementor-section elementor-top-section elementor-element elementor-element-561c777c elementor-section-boxed elementor-section-height-default elementor-section-height-default\" data-id=\"561c777c\" data-element_type=\"section\">\n\t\t\t\t\t\t<div class=\"elementor-container elementor-column-gap-default\">\n\t\t\t\t\t<div class=\"aux-parallax-section elementor-column elementor-col-100 elementor-top-column elementor-element elementor-element-74dd3d00\" data-id=\"74dd3d00\" data-element_type=\"column\" data-settings=\"{&quot;background_background&quot;:&quot;classic&quot;}\">\n\t\t\t<div class=\"elementor-widget-wrap elementor-element-populated\">\n\t\t\t\t\t<div class=\"elementor-background-overlay\"><\/div>\n\t\t\t\t\t\t\t\t<div class=\"elementor-element elementor-element-b236b17 aux-appear-watch-animation aux-scale-down elementor-widget elementor-widget-aux_modern_heading\" data-id=\"b236b17\" data-element_type=\"widget\" data-widget_type=\"aux_modern_heading.default\">\n\t\t\t\t<div class=\"elementor-widget-container\">\n\t\t\t<section class=\"aux-widget-modern-heading\">\n            <div class=\"aux-widget-inner\"><h2 class=\"aux-modern-heading-primary\">\u201c<\/h2><div class=\"aux-modern-heading-description\"><p>Vi invitiamo a partecipare alla mostra \"Made in Italy\" dopo la prima dell'edizione nel 2023, con un'ampia partecipazione e numerose partnership commerciali tra i partecipanti.<\/p><p>La mostra \u201cMade in Italy\u201d \u00e8 un evento principale di questa edizione, con una grande partecipazione, comprendendo tutte le industrie e i prodotti italiani di diverse categorie. Questa mostra \u00e8 organizzata da Al-Nakhla Al-Modia Co in collaborazione con la Camera di Commercio di Italia e Libia e si svolger\u00e0 il 16-14-2024 all'Esposizione di Tripoli.<\/p><\/div><\/div>\n        <\/section>\t\t<\/div>\n\t\t\t\t<\/div>\n\t\t\t\t<div class=\"elementor-element elementor-element-65c36c11 aux-appear-watch-animation aux-fade-in-up elementor-widget elementor-widget-aux_modern_heading\" data-id=\"65c36c11\" data-element_type=\"widget\" data-widget_type=\"aux_modern_heading.default\">\n\t\t\t\t<div class=\"elementor-widget-container\">\n\t\t\t<section class=\"aux-widget-modern-heading\">\n            <div class=\"aux-widget-inner\"><h2 class=\"aux-modern-heading-primary\">Con saluti<\/h2><h3 class=\"aux-modern-heading-secondary\"><span class=\"aux-head-highlight\">Comitato organizzativo<\/span><\/h3><\/div>\n        <\/section>\t\t<\/div>\n\t\t\t\t<\/div>\n\t\t\t\t\t<\/div>\n\t\t<\/div>\n\t\t\t\t\t\t\t<\/div>\n\t\t<\/section>\n\t\t\t\t<section class=\"elementor-section elementor-top-section elementor-element elementor-element-0ca27c3 elementor-section-content-middle elementor-section-boxed elementor-section-height-default elementor-section-height-default\" data-id=\"0ca27c3\" data-element_type=\"section\">\n\t\t\t\t\t\t<div class=\"elementor-container elementor-column-gap-default\">\n\t\t\t\t\t<div class=\"aux-parallax-section elementor-column elementor-col-50 elementor-top-column elementor-element elementor-element-680654f aux-appear-watch-animation aux-scale-down\" data-id=\"680654f\" data-element_type=\"column\">\n\t\t\t<div class=\"elementor-widget-wrap elementor-element-populated\">\n\t\t\t\t\t\t\t\t<div class=\"elementor-element elementor-element-054c1e1 elementor-widget elementor-widget-aux_image\" data-id=\"054c1e1\" data-element_type=\"widget\" data-widget_type=\"aux_image.default\">\n\t\t\t\t<div class=\"elementor-widget-container\">\n\t\t\t<section class=\"widget-container aux-widget-image aux-alignnone aux-parent-au4a0673ad\">\n    <div class=\"aux-media-hint-frame \">\n        <div class=\"aux-media-image \" >\n        \n            \n\n            \n            <img loading=\"lazy\" decoding=\"async\" width=\"784\" height=\"512\" src=\"image\/gif;base64,R0lGODlhAQABAIAAAAAAAP\/\/\/yH5BAEAAAAALAAAAAABAAEAAAIBRAA7\" class=\"aux-attachment aux-featured-image aux-attachment-id-7524 aux-preload aux-blank\" alt=\"ALWARSHA-784x512\" data-ratio=\"1.53\" data-original-w=\"784\" sizes=\"auto\" data-srcset=\"https:\/\/www.madeinitaly.ly\/wp-content\/uploads\/2023\/10\/ALWARSHA-784x512-1-150x98.png 150w,https:\/\/www.madeinitaly.ly\/wp-content\/uploads\/2023\/10\/ALWARSHA-784x512-1-300x196.png 300w,https:\/\/www.madeinitaly.ly\/wp-content\/uploads\/2023\/10\/ALWARSHA-784x512-1-768x502.png 768w,https:\/\/www.madeinitaly.ly\/wp-content\/uploads\/2023\/10\/ALWARSHA-784x512-1-784x512.png 784w\" data-src=\"https:\/\/www.madeinitaly.ly\/wp-content\/uploads\/2023\/10\/ALWARSHA-784x512-1-784x512.png\" \/>            \n                <\/div>\n    <\/div>\n\n<\/section><!-- widget-container -->\t\t<\/div>\n\t\t\t\t<\/div>\n\t\t\t\t\t<\/div>\n\t\t<\/div>\n\t\t\t\t<div class=\"aux-parallax-section elementor-column elementor-col-50 elementor-top-column elementor-element elementor-element-2adf9b7\" data-id=\"2adf9b7\" data-element_type=\"column\">\n\t\t\t<div class=\"elementor-widget-wrap elementor-element-populated\">\n\t\t\t\t\t\t\t\t<div class=\"elementor-element elementor-element-75e3d6a aux-appear-watch-animation aux-fade-in-up elementor-widget elementor-widget-aux_modern_heading\" data-id=\"75e3d6a\" data-element_type=\"widget\" data-widget_type=\"aux_modern_heading.default\">\n\t\t\t\t<div class=\"elementor-widget-container\">\n\t\t\t<section class=\"aux-widget-modern-heading\">\n            <div class=\"aux-widget-inner\"><h2 class=\"aux-modern-heading-primary\">\"Prodotto in Italia\"<\/h2><h3 class=\"aux-modern-heading-secondary\"><span class=\"aux-head-before\">Argomenti del laboratorio<\/span><\/h3><div class=\"aux-modern-heading-divider\"><\/div><\/div>\n        <\/section>\t\t<\/div>\n\t\t\t\t<\/div>\n\t\t\t\t<div class=\"elementor-element elementor-element-41e5c34 elementor-widget elementor-widget-text-editor\" data-id=\"41e5c34\" data-element_type=\"widget\" data-widget_type=\"text-editor.default\">\n\t\t\t\t<div class=\"elementor-widget-container\">\n\t\t\t<style>\/*! elementor - v3.16.0 - 17-10-2023 *\/\n.elementor-widget-text-editor.elementor-drop-cap-view-stacked .elementor-drop-cap{background-color:#69727d;color:#fff}.elementor-widget-text-editor.elementor-drop-cap-view-framed .elementor-drop-cap{color:#69727d;border:3px solid;background-color:transparent}.elementor-widget-text-editor:not(.elementor-drop-cap-view-default) .elementor-drop-cap{margin-top:8px}.elementor-widget-text-editor:not(.elementor-drop-cap-view-default) .elementor-drop-cap-letter{width:1em;height:1em}.elementor-widget-text-editor .elementor-drop-cap{float:left;text-align:center;line-height:1;font-size:50px}.elementor-widget-text-editor .elementor-drop-cap-letter{display:inline-block}<\/style>\t\t\t\t<img decoding=\"async\" src=\"https:\/\/www.madeinitaly.ly\/wp-content\/uploads\/2023\/10\/ITALY-ICONE1.png\" \/><span style=\"color: #242f60;\">Marketing ed esportazione nel mercato italiano: <\/span><br\/>Include informazioni sulle basi del marketing e dell&#8217;esportazione, sulla comprensione della cultura aziendale italiana e sulle strategie di marketing efficaci.\t\t\t\t\t\t<\/div>\n\t\t\t\t<\/div>\n\t\t\t\t<div class=\"elementor-element elementor-element-94ed202 elementor-widget elementor-widget-text-editor\" data-id=\"94ed202\" data-element_type=\"widget\" data-widget_type=\"text-editor.default\">\n\t\t\t\t<div class=\"elementor-widget-container\">\n\t\t\t\t\t\t\t<img decoding=\"async\" src=\"https:\/\/www.madeinitaly.ly\/wp-content\/uploads\/2023\/10\/ITALY-ICONE2.png\" \/><span style=\"color: #242f60;\"> Introduzione alle leggi e ai regolamenti commerciali, incluso: <\/span><br\/>\n&#8211; Procedure di registrazione e licenza<br\/>\n&#8211; Diritti di propriet\u00e0 intellettuale<br\/>\n&#8211; Commercio internazionale<br\/>\n&#8211; Diritto del commercio internazionale\t\t\t\t\t\t<\/div>\n\t\t\t\t<\/div>\n\t\t\t\t<div class=\"elementor-element elementor-element-3184d28 elementor-widget elementor-widget-text-editor\" data-id=\"3184d28\" data-element_type=\"widget\" data-widget_type=\"text-editor.default\">\n\t\t\t\t<div class=\"elementor-widget-container\">\n\t\t\t\t\t\t\t<img decoding=\"async\" src=\"https:\/\/www.madeinitaly.ly\/wp-content\/uploads\/2023\/10\/ITALY-ICONE3.png\" \/><span style=\"color: #242f60;\">La cultura d\u2019impresa in Italia:<\/span><br\/>Comprende metodi di comunicazione e di relazione con partner e clienti italiani.\t\t\t\t\t\t<\/div>\n\t\t\t\t<\/div>\n\t\t\t\t\t<\/div>\n\t\t<\/div>\n\t\t\t\t\t\t\t<\/div>\n\t\t<\/section>\n\t\t\t\t<section class=\"elementor-section elementor-top-section elementor-element elementor-element-8c2b062 elementor-section-full_width elementor-section-content-middle elementor-section-stretched elementor-section-height-default elementor-section-height-default\" data-id=\"8c2b062\" data-element_type=\"section\" data-settings=\"{&quot;stretch_section&quot;:&quot;section-stretched&quot;,&quot;background_background&quot;:&quot;classic&quot;}\">\n\t\t\t\t\t\t<div class=\"elementor-container elementor-column-gap-no\">\n\t\t\t\t\t<div class=\"aux-parallax-section elementor-column elementor-col-50 elementor-top-column elementor-element elementor-element-a048581\" data-id=\"a048581\" data-element_type=\"column\">\n\t\t\t<div class=\"elementor-widget-wrap elementor-element-populated\">\n\t\t\t\t\t\t\t\t<div class=\"elementor-element elementor-element-7a7ed3e aux-appear-watch-animation aux-fade-in-up elementor-widget elementor-widget-aux_modern_heading\" data-id=\"7a7ed3e\" data-element_type=\"widget\" data-widget_type=\"aux_modern_heading.default\">\n\t\t\t\t<div class=\"elementor-widget-container\">\n\t\t\t<section class=\"aux-widget-modern-heading\">\n            <div class=\"aux-widget-inner\"><h2 class=\"aux-modern-heading-primary\">L\u2019Italia nel cuore della Libia<\/h2><h3 class=\"aux-modern-heading-secondary\"><span class=\"aux-head-before\">Unisciti a noi<\/span><\/h3><div class=\"aux-modern-heading-divider\"><\/div><div class=\"aux-modern-heading-description\"><div class=\"c-scrollbar__hider\" role=\"presentation\" data-qa=\"slack_kit_scrollbar\"><div class=\"c-scrollbar__child\" role=\"presentation\"><div class=\"c-virtual_list__scroll_container\" role=\"list\" data-qa=\"slack_kit_list\" aria-label=\"Khouloud Mezghani (message direct, absent)\"><div id=\"1698166120.042679\" class=\"c-virtual_list__item\" role=\"listitem\" data-qa=\"virtual-list-item\" data-item-key=\"1698166120.042679\"><div class=\"c-message_kit__background c-message_kit__background--hovered p-message_pane_message__message c-message_kit__message p-message_pane_message__message--last\" role=\"presentation\" data-qa=\"message_container\" data-qa-unprocessed=\"false\" data-qa-placeholder=\"false\"><div class=\"c-message_kit__hover c-message_kit__hover--hovered\" role=\"document\" data-qa-hover=\"true\"><div class=\"c-message_kit__actions c-message_kit__actions--default\"><div class=\"c-message_kit__gutter\"><div class=\"c-message_kit__gutter__right\" role=\"presentation\" data-qa=\"message_content\"><div class=\"c-message_kit__blocks c-message_kit__blocks--rich_text\"><div class=\"c-message__message_blocks c-message__message_blocks--rich_text\" data-qa=\"message-text\"><div class=\"p-block_kit_renderer\" data-qa=\"block-kit-renderer\"><div class=\"p-block_kit_renderer__block_wrapper p-block_kit_renderer__block_wrapper--first\"><div class=\"p-rich_text_block\" dir=\"auto\"><div class=\"p-rich_text_section\">Immergiti nel mondo della creativit\u00e0 italiana con il programma espositivo Made in Italy alla sua seconda edizione in Libia.<\/div><\/div><\/div><\/div><\/div><\/div><\/div><\/div><\/div><\/div><\/div><\/div><\/div><\/div><\/div><\/div><\/div>\n        <\/section>\t\t<\/div>\n\t\t\t\t<\/div>\n\t\t\t\t<div class=\"elementor-element elementor-element-681cfb4 elementor-widget elementor-widget-aux_modern_button\" data-id=\"681cfb4\" data-element_type=\"widget\" data-widget_type=\"aux_modern_button.default\">\n\t\t\t\t<div class=\"elementor-widget-container\">\n\t\t\t    <div class=\"aux-modern-button-wrapper aux-modern-button-align-left\" >\n                    <a class=\"aux-modern-button aux-white aux-modern-button-md aux-modern-button-normal aux-modern-button-default aux-icon-\" href=\"https:\/\/www.madeinitaly.ly\/it\/book-now\/\">\n                <div class=\"aux-overlay\"><\/div>\n                                    <div class=\"aux-icon \">\n                                            <\/div>\n                                <div class=\"aux-text\">\n<span class=\"aux-text-before\">Prenota ora<\/span>                <\/div>\n            <\/a>\n            \n    <\/div>\n\n    \t\t<\/div>\n\t\t\t\t<\/div>\n\t\t\t\t\t<\/div>\n\t\t<\/div>\n\t\t\t\t<div class=\"aux-parallax-section elementor-column elementor-col-50 elementor-top-column elementor-element elementor-element-98d82ce\" data-id=\"98d82ce\" data-element_type=\"column\">\n\t\t\t<div class=\"elementor-widget-wrap elementor-element-populated\">\n\t\t\t\t\t\t\t\t<div class=\"elementor-element elementor-element-3fa232f elementor-widget elementor-widget-image\" data-id=\"3fa232f\" data-element_type=\"widget\" data-widget_type=\"image.default\">\n\t\t\t\t<div class=\"elementor-widget-container\">\n\t\t\t<style>\/*! elementor - v3.16.0 - 17-10-2023 *\/\n.elementor-widget-image{text-align:center}.elementor-widget-image a{display:inline-block}.elementor-widget-image a img[src$=\".svg\"]{width:48px}.elementor-widget-image img{vertical-align:middle;display:inline-block}<\/style>\t\t\t\t\t\t\t\t\t\t\t\t<img loading=\"lazy\" decoding=\"async\" width=\"620\" height=\"772\" src=\"https:\/\/www.madeinitaly.ly\/wp-content\/uploads\/2023\/10\/table-1.png\" class=\"attachment-full size-full wp-image-8090\" alt=\"\" srcset=\"https:\/\/www.madeinitaly.ly\/wp-content\/uploads\/2023\/10\/table-1.png 620w, https:\/\/www.madeinitaly.ly\/wp-content\/uploads\/2023\/10\/table-1-200x249.png 200w\" sizes=\"auto, (max-width: 620px) 100vw, 620px\" \/>\t\t\t\t\t\t\t\t\t\t\t\t\t\t\t<\/div>\n\t\t\t\t<\/div>\n\t\t\t\t\t<\/div>\n\t\t<\/div>\n\t\t\t\t\t\t\t<\/div>\n\t\t<\/section>\n\t\t\t\t\t\t\t<\/div>\n\t\t<div class=\"sharing-default-minimal post-bottom\"><div class=\"nectar-social default\" data-position=\"\" data-rm-love=\"0\" data-color-override=\"override\"><div class=\"nectar-social-inner\"><a href=\"#\" class=\"nectar-love\" id=\"nectar-love-6907\" title=\"Love this\"> <i class=\"icon-salient-heart-2\"><\/i><span class=\"love-text\">Love<\/span><span class=\"total_loves\"><span class=\"nectar-love-count\">0<\/span><\/span><\/a><a class='facebook-share nectar-sharing' href='#' title='Share this'> <i class='fa fa-facebook'><\/i> <span class='social-text'>Share<\/span> <\/a><a class='twitter-share nectar-sharing' href='#' title='Tweet this'> <i class='fa fa-twitter'><\/i> <span class='social-text'>Tweet<\/span> <\/a><a class='linkedin-share nectar-sharing' href='#' title='Share this'> <i class='fa fa-linkedin'><\/i> <span class='social-text'>Share<\/span> <\/a><a class='pinterest-share nectar-sharing' href='#' title='Pin this'> <i class='fa fa-pinterest'><\/i> <span class='social-text'>Pin<\/span> <\/a><\/div><\/div><\/div>","protected":false},"excerpt":{"rendered":"<p>Per quanto ci riguarda &#8220;Prodotto in Italia&#8221; Un viaggio unico nel mondo della creativit\u00e0 italiana Fiera &#8220;Made in Italy&#8221; \u00e8 la principale destinazione in Libia per esplorare il mondo della creativit\u00e0 italiana. Dopo il grande successo della prima edizione, la fiera si prepara per la seconda edizione, sotto la supervisione di Alnakhla Almoddia Co e [&hellip;]<\/p>\n","protected":false},"author":1,"featured_media":0,"parent":0,"menu_order":0,"comment_status":"closed","ping_status":"closed","template":"templates\/page-builder-content.php","meta":{"footnotes":""},"class_list":["post-6907","page","type-page","status-publish","hentry"],"_links":{"self":[{"href":"https:\/\/www.madeinitaly.ly\/it\/wp-json\/wp\/v2\/pages\/6907","targetHints":{"allow":["GET"]}}],"collection":[{"href":"https:\/\/www.madeinitaly.ly\/it\/wp-json\/wp\/v2\/pages"}],"about":[{"href":"https:\/\/www.madeinitaly.ly\/it\/wp-json\/wp\/v2\/types\/page"}],"author":[{"embeddable":true,"href":"https:\/\/www.madeinitaly.ly\/it\/wp-json\/wp\/v2\/users\/1"}],"replies":[{"embeddable":true,"href":"https:\/\/www.madeinitaly.ly\/it\/wp-json\/wp\/v2\/comments?post=6907"}],"version-history":[{"count":83,"href":"https:\/\/www.madeinitaly.ly\/it\/wp-json\/wp\/v2\/pages\/6907\/revisions"}],"predecessor-version":[{"id":9464,"href":"https:\/\/www.madeinitaly.ly\/it\/wp-json\/wp\/v2\/pages\/6907\/revisions\/9464"}],"wp:attachment":[{"href":"https:\/\/www.madeinitaly.ly\/it\/wp-json\/wp\/v2\/media?parent=6907"}],"curies":[{"name":"wp","href":"https:\/\/api.w.org\/{rel}","templated":true}]}}