{"id":6976,"date":"2023-10-24T18:11:02","date_gmt":"2023-10-24T15:11:02","guid":{"rendered":"https:\/\/www.madeinitaly.ly\/%d8%a5%d9%85%d8%aa%d9%8a%d8%a7%d8%b2%d8%a7%d8%aa-%d8%a7%d9%84%d8%af%d8%a7%d8%b9%d9%85%d9%8a%d9%86\/"},"modified":"2023-10-30T16:47:52","modified_gmt":"2023-10-30T13:47:52","slug":"benefici-per-i-sostenitori","status":"publish","type":"page","link":"https:\/\/www.madeinitaly.ly\/it\/benefici-per-i-sostenitori\/","title":{"rendered":"Benefici per i sostenitori"},"content":{"rendered":"\t\t<div data-elementor-type=\"wp-page\" data-elementor-id=\"6976\" class=\"elementor elementor-6976\">\n\t\t\t\t\t\t\t\t\t<section class=\"elementor-section elementor-top-section elementor-element elementor-element-7c89838d elementor-section-stretched elementor-section-height-min-height elementor-section-boxed elementor-section-height-default elementor-section-items-middle\" data-id=\"7c89838d\" data-element_type=\"section\" data-settings=\"{&quot;stretch_section&quot;:&quot;section-stretched&quot;,&quot;background_background&quot;:&quot;classic&quot;}\">\n\t\t\t\t\t\t<div class=\"elementor-container elementor-column-gap-default\">\n\t\t\t\t\t<div class=\"aux-parallax-section elementor-column elementor-col-100 elementor-top-column elementor-element elementor-element-51ad86fa aux-appear-watch-animation aux-fade-in-right\" data-id=\"51ad86fa\" data-element_type=\"column\">\n\t\t\t<div class=\"elementor-widget-wrap elementor-element-populated\">\n\t\t\t\t\t\t\t\t<div class=\"elementor-element elementor-element-65ae90d0 elementor-widget__width-initial elementor-widget elementor-widget-aux_modern_heading\" data-id=\"65ae90d0\" data-element_type=\"widget\" data-widget_type=\"aux_modern_heading.default\">\n\t\t\t\t<div class=\"elementor-widget-container\">\n\t\t\t<section class=\"aux-widget-modern-heading\">\n            <div class=\"aux-widget-inner\"><h2 class=\"aux-modern-heading-primary\">Benefici per i sostenitori<\/h2><\/div>\n        <\/section>\t\t<\/div>\n\t\t\t\t<\/div>\n\t\t\t\t\t<\/div>\n\t\t<\/div>\n\t\t\t\t\t\t\t<\/div>\n\t\t<\/section>\n\t\t\t\t<section class=\"elementor-section elementor-top-section elementor-element elementor-element-b43e4a8 elementor-section-boxed elementor-section-height-default elementor-section-height-default\" data-id=\"b43e4a8\" data-element_type=\"section\">\n\t\t\t\t\t\t<div class=\"elementor-container elementor-column-gap-default\">\n\t\t\t\t\t<div class=\"aux-parallax-section elementor-column elementor-col-100 elementor-top-column elementor-element elementor-element-4fa6110\" data-id=\"4fa6110\" data-element_type=\"column\">\n\t\t\t<div class=\"elementor-widget-wrap elementor-element-populated\">\n\t\t\t\t\t\t\t\t<div class=\"elementor-element elementor-element-a70619b elementor-tabs-view-vertical elementor-widget elementor-widget-tabs\" data-id=\"a70619b\" data-element_type=\"widget\" data-widget_type=\"tabs.default\">\n\t\t\t\t<div class=\"elementor-widget-container\">\n\t\t\t<style>\/*! elementor - v3.16.0 - 17-10-2023 *\/\n.elementor-widget-tabs.elementor-tabs-view-vertical .elementor-tabs-wrapper{width:25%;flex-shrink:0}.elementor-widget-tabs.elementor-tabs-view-vertical .elementor-tab-desktop-title.elementor-active{border-right-style:none}.elementor-widget-tabs.elementor-tabs-view-vertical .elementor-tab-desktop-title.elementor-active:after,.elementor-widget-tabs.elementor-tabs-view-vertical .elementor-tab-desktop-title.elementor-active:before{height:999em;width:0;right:0;border-right-style:solid}.elementor-widget-tabs.elementor-tabs-view-vertical .elementor-tab-desktop-title.elementor-active:before{top:0;transform:translateY(-100%)}.elementor-widget-tabs.elementor-tabs-view-vertical .elementor-tab-desktop-title.elementor-active:after{top:100%}.elementor-widget-tabs.elementor-tabs-view-horizontal .elementor-tab-desktop-title{display:table-cell}.elementor-widget-tabs.elementor-tabs-view-horizontal .elementor-tab-desktop-title.elementor-active{border-bottom-style:none}.elementor-widget-tabs.elementor-tabs-view-horizontal .elementor-tab-desktop-title.elementor-active:after,.elementor-widget-tabs.elementor-tabs-view-horizontal .elementor-tab-desktop-title.elementor-active:before{bottom:0;height:0;width:999em;border-bottom-style:solid}.elementor-widget-tabs.elementor-tabs-view-horizontal .elementor-tab-desktop-title.elementor-active:before{right:100%}.elementor-widget-tabs.elementor-tabs-view-horizontal .elementor-tab-desktop-title.elementor-active:after{left:100%}.elementor-widget-tabs .elementor-tab-content,.elementor-widget-tabs .elementor-tab-title,.elementor-widget-tabs .elementor-tab-title:after,.elementor-widget-tabs .elementor-tab-title:before,.elementor-widget-tabs .elementor-tabs-content-wrapper{border:1px #d5d8dc}.elementor-widget-tabs .elementor-tabs{text-align:left}.elementor-widget-tabs .elementor-tabs-wrapper{overflow:hidden}.elementor-widget-tabs .elementor-tab-title{cursor:pointer;outline:var(--focus-outline,none)}.elementor-widget-tabs .elementor-tab-desktop-title{position:relative;padding:20px 25px;font-weight:700;line-height:1;border:solid transparent}.elementor-widget-tabs .elementor-tab-desktop-title.elementor-active{border-color:#d5d8dc}.elementor-widget-tabs .elementor-tab-desktop-title.elementor-active:after,.elementor-widget-tabs .elementor-tab-desktop-title.elementor-active:before{display:block;content:\"\";position:absolute}.elementor-widget-tabs .elementor-tab-desktop-title:focus-visible{border:1px solid #000}.elementor-widget-tabs .elementor-tab-mobile-title{padding:10px;cursor:pointer}.elementor-widget-tabs .elementor-tab-content{padding:20px;display:none}@media (max-width:767px){.elementor-tabs .elementor-tab-content,.elementor-tabs .elementor-tab-title{border-style:solid solid none}.elementor-tabs .elementor-tabs-wrapper{display:none}.elementor-tabs .elementor-tabs-content-wrapper{border-bottom-style:solid}.elementor-tabs .elementor-tab-content{padding:10px}}@media (min-width:768px){.elementor-widget-tabs.elementor-tabs-view-vertical .elementor-tabs{display:flex}.elementor-widget-tabs.elementor-tabs-view-vertical .elementor-tabs-wrapper{flex-direction:column}.elementor-widget-tabs.elementor-tabs-view-vertical .elementor-tabs-content-wrapper{flex-grow:1;border-style:solid solid solid none}.elementor-widget-tabs.elementor-tabs-view-horizontal .elementor-tab-content{border-style:none solid solid}.elementor-widget-tabs.elementor-tabs-alignment-center .elementor-tabs-wrapper,.elementor-widget-tabs.elementor-tabs-alignment-end .elementor-tabs-wrapper,.elementor-widget-tabs.elementor-tabs-alignment-stretch .elementor-tabs-wrapper{display:flex}.elementor-widget-tabs.elementor-tabs-alignment-center .elementor-tabs-wrapper{justify-content:center}.elementor-widget-tabs.elementor-tabs-alignment-end .elementor-tabs-wrapper{justify-content:flex-end}.elementor-widget-tabs.elementor-tabs-alignment-stretch.elementor-tabs-view-horizontal .elementor-tab-title{width:100%}.elementor-widget-tabs.elementor-tabs-alignment-stretch.elementor-tabs-view-vertical .elementor-tab-title{height:100%}.elementor-tabs .elementor-tab-mobile-title{display:none}}<\/style>\t\t<div class=\"elementor-tabs\">\n\t\t\t<div class=\"elementor-tabs-wrapper\" role=\"tablist\" >\n\t\t\t\t\t\t\t\t\t<div id=\"elementor-tab-title-1751\" class=\"elementor-tab-title elementor-tab-desktop-title\" aria-selected=\"true\" data-tab=\"1\" role=\"tab\" tabindex=\"0\" aria-controls=\"elementor-tab-content-1751\" aria-expanded=\"false\">Privilegi del partner strategico<\/div>\n\t\t\t\t\t\t\t\t\t<div id=\"elementor-tab-title-1752\" class=\"elementor-tab-title elementor-tab-desktop-title\" aria-selected=\"false\" data-tab=\"2\" role=\"tab\" tabindex=\"-1\" aria-controls=\"elementor-tab-content-1752\" aria-expanded=\"false\">Privilegi di sponsor ufficiale<\/div>\n\t\t\t\t\t\t\t\t\t<div id=\"elementor-tab-title-1753\" class=\"elementor-tab-title elementor-tab-desktop-title\" aria-selected=\"false\" data-tab=\"3\" role=\"tab\" tabindex=\"-1\" aria-controls=\"elementor-tab-content-1753\" aria-expanded=\"false\">Privilegi del Golden Sponsor 3<\/div>\n\t\t\t\t\t\t\t\t\t<div id=\"elementor-tab-title-1754\" class=\"elementor-tab-title elementor-tab-desktop-title\" aria-selected=\"false\" data-tab=\"4\" role=\"tab\" tabindex=\"-1\" aria-controls=\"elementor-tab-content-1754\" aria-expanded=\"false\">Privilegi dello sponsor argento 2<\/div>\n\t\t\t\t\t\t\t\t\t<div id=\"elementor-tab-title-1755\" class=\"elementor-tab-title elementor-tab-desktop-title\" aria-selected=\"false\" data-tab=\"5\" role=\"tab\" tabindex=\"-1\" aria-controls=\"elementor-tab-content-1755\" aria-expanded=\"false\">Privilegi del partner di servizi<\/div>\n\t\t\t\t\t\t\t<\/div>\n\t\t\t<div class=\"elementor-tabs-content-wrapper\" role=\"tablist\" aria-orientation=\"vertical\">\n\t\t\t\t\t\t\t\t\t<div class=\"elementor-tab-title elementor-tab-mobile-title\" aria-selected=\"true\" data-tab=\"1\" role=\"tab\" tabindex=\"0\" aria-controls=\"elementor-tab-content-1751\" aria-expanded=\"false\">Privilegi del partner strategico<\/div>\n\t\t\t\t\t<div id=\"elementor-tab-content-1751\" class=\"elementor-tab-content elementor-clearfix\" data-tab=\"1\" role=\"tabpanel\" aria-labelledby=\"elementor-tab-title-1751\" tabindex=\"0\" hidden=\"false\"><div class=\"col-sm-6\">\n<h3><strong>Vantaggi effettivi per lo sponsor:<\/strong><\/h3>\n<ul>\n  <li>Un ringraziamento speciale alla cerimonia ufficiale di apertura<\/li>\n  <li>Discorso all&#8217;inaugurazione ufficiale<\/li>\n  <li>Ospitare rappresentanti aziendali nei workshop\nPer la mostra.<\/li>\n  <li>Assegnazione di un padiglione per l&#8217;ente in un luogo speciale all&#8217;interno della mostra<\/li>\n  <li>Ricevi una promozione di 50 secondi visualizzata in questo modo\nIn programma esposizioni all&#8217;interno dei padiglioni espositivi<\/li>\n  <li>Onorato alla cerimonia di chiusura con uno scudo e un certificato di apprezzamento<\/li>\n  <li>Prendi un tavolo per incontri di lavoro B2B e incontri con il settore\nB2G governativo durante tutta la mostra<\/li>\n  <li>Assegna un posto in prima fila a una persona dell&#8217;azienda con\nAlti funzionari<\/li>\n  <li>Posiziona in modo distintivo il logo sulla copertina esterna della guida\nEsposizione\n<h3><strong>Biglietti d&#8217;invito:<\/strong><\/h3>\n<\/li>\n  <li>5 biglietti d&#8217;invito per una cena formale<\/li>\n  <li>10 biglietti d&#8217;invito per l&#8217;inaugurazione ufficiale<\/li>\n  <li>Vantaggi post-fiera<\/li>\n  <li>Un lussuoso album di foto sulle attivit\u00e0 della mostra<\/li>\n  <li>Oltre ad un file documentario di tutto ci\u00f2 che \u00e8 stato presentato in mostra<\/li>\n  <li>Memoria flash contenente il film\nDocumentario della mostra.\n<pre>Prezzo di partecipazione: 190.000 LYD<\/pre>\n<\/li>\n<\/ul>\n<img decoding=\"async\" src=\"https:\/\/www.madeinitaly.ly\/wp-content\/uploads\/2023\/10\/images1.png\" alt=\"1\" \/>\n\n<\/div><\/div>\n\t\t\t\t\t\t\t\t\t<div class=\"elementor-tab-title elementor-tab-mobile-title\" aria-selected=\"false\" data-tab=\"2\" role=\"tab\" tabindex=\"-1\" aria-controls=\"elementor-tab-content-1752\" aria-expanded=\"false\">Privilegi di sponsor ufficiale<\/div>\n\t\t\t\t\t<div id=\"elementor-tab-content-1752\" class=\"elementor-tab-content elementor-clearfix\" data-tab=\"2\" role=\"tabpanel\" aria-labelledby=\"elementor-tab-title-1752\" tabindex=\"0\" hidden=\"hidden\"><h2>Marketing e promozione<\/h2>\n<ul>\n  <li>Inserire il logo e il nome dell&#8217;azienda in tutte le campagne pubblicitarie della fiera<\/li>\n  <li>Posizionamento del logo aziendale sullo sfondo principale dell&#8217;inaugurazione ufficiale<\/li>\n  <li>Inserire il logo dell&#8217;azienda sul biglietto d&#8217;invito ufficiale all&#8217;inaugurazione<\/li>\n  <li>Inserimento del logo aziendale nella pagina principale della fiera<\/li>\n  <li>Inserimento del logo aziendale nella guida della mostra<\/li>\n  <li>Mettere brochure aziendali sul banco di registrazione dei visitatori della mostra<\/li>\n  <li>Usufruire della promozione elettronica sul sito web della mostra<\/li>\n  <li>Fornitura di uno spazio multimediale nel foyer esterno della sala espositiva della fiera<\/li>\n  <li>Ottenere uno spazio espositivo distintivo nella sala espositiva<\/li>\n<\/ul>\n<h3>Vantaggi effettivi per lo sponsor:<\/h3>\n<ul>\n  <li>Un ringraziamento speciale alla cerimonia ufficiale di apertura<\/li>\n  <li>Discorso all&#8217;inaugurazione ufficiale<\/li>\n  <li>Rappresentanti dell&#8217;azienda saranno ospitati nei workshop della fiera e il logo dell&#8217;azienda sar\u00e0 presente nel poster del workshop<\/li>\n  <li>Ricevi un promo di 30 secondi visualizzato in modo programmato sugli schermi all&#8217;interno dei padiglioni espositivi<\/li>\n  <li>Onorato alla cerimonia di chiusura con uno scudo e un certificato di apprezzamento<\/li>\n  <li>Ottieni un tavolo per incontri di lavoro B2B, incontri B2G con il settore governativo e incontri B2C durante tutto il periodo espositivo<\/li>\n  <li>Assegnazione di tre posti in prima fila agli alti funzionari dell&#8217;azienda<\/li>\n  <li>Concedere allo sponsor una pagina pubblicitaria nella directory della mostra<\/li>\n<\/ul>\n<h3>Biglietti d&#8217;invito:<\/h3>\n<ul>\n  <li>3 biglietti d&#8217;invito per una cena formale<\/li>\n  <li>8 biglietti d&#8217;invito per l&#8217;inaugurazione ufficiale<\/li>\n<\/ul>\n<h3>Vantaggi post-fiera:<\/h3>\n<ul>\n  <li>Un lussuoso album di foto sulle attivit\u00e0 della mostra, oltre a<\/li>\n  <li>A un fascicolo documentario di tutto ci\u00f2 che \u00e8 circolato durante la mostra<\/li>\n  <li>Flash memory contenente il documentario della mostra<\/li>\n  <li>Approfitta della promozione elettronica per un anno intero, sul sito web della mostra<\/li>\n<\/ul>\n<pre>Prezzo di partecipazione: 150.000 LYD<\/pre>\n<img decoding=\"async\" src=\"https:\/\/www.madeinitaly.ly\/wp-content\/uploads\/2023\/10\/images2.png\" alt=\"immagini\" \/><\/div>\n\t\t\t\t\t\t\t\t\t<div class=\"elementor-tab-title elementor-tab-mobile-title\" aria-selected=\"false\" data-tab=\"3\" role=\"tab\" tabindex=\"-1\" aria-controls=\"elementor-tab-content-1753\" aria-expanded=\"false\">Privilegi del Golden Sponsor 3<\/div>\n\t\t\t\t\t<div id=\"elementor-tab-content-1753\" class=\"elementor-tab-content elementor-clearfix\" data-tab=\"3\" role=\"tabpanel\" aria-labelledby=\"elementor-tab-title-1753\" tabindex=\"0\" hidden=\"hidden\"><h3>Marketing e promozione:<\/h3>\n<ul>\n  <li>Inserire il logo e il nome dell&#8217;azienda in tutte le campagne pubblicitarie della fiera<\/li>\n  <li>Posizionamento del logo aziendale sullo sfondo principale dell&#8217;inaugurazione ufficiale<\/li>\n  <li>Mettere brochure aziendali sul banco di registrazione dei visitatori della mostra<\/li>\n  <li>Usufruire della promozione elettronica sul sito web della mostra<\/li>\n<\/ul>\n<h3>Vantaggi effettivi per lo sponsor:<\/h3>\n<ul>\n  <li>Un ringraziamento speciale alla cerimonia ufficiale di apertura<\/li>\n  <li>Un discorso all&#8217;inaugurazione ufficiale<\/li>\n  <li>Ospitare rappresentanti dell&#8217;azienda nei laboratori della fiera<\/li>\n  <li>Onorato alla cerimonia di chiusura con uno scudo e un certificato di apprezzamento<\/li>\n  <li>Ottieni un tavolo per incontri d&#8217;affari B2B e incontri B2G con il settore governativo durante tutto il periodo espositivo.<\/li>\n  <li>Assegnazione di due posti in prima fila agli alti funzionari dell&#8217;azienda<\/li>\n  <li>Concedere allo sponsor una pagina pubblicitaria nella scheda della mostra<\/li>\n<\/ul>\n<h3>Biglietti d&#8217;invito:<\/h3>\n<ul>\n  <li>2 biglietti d&#8217;invito per una cena formale<\/li>\n  <li>6 biglietti d&#8217;invito per l&#8217;inaugurazione ufficiale<\/li>\n  <li>Vantaggi post-fiera<\/li>\n  <li>Un lussuoso album di foto sulle attivit\u00e0 della mostra, oltre a un file documentario di tutto ci\u00f2 di cui si \u00e8 parlato durante la mostra<\/li>\n  <li>Approfitta della promozione elettronica per un anno<\/li>\n<\/ul>\n<pre>Prezzo di partecipazione: 90.000 LYD<\/pre>\n<img decoding=\"async\" src=\"https:\/\/www.madeinitaly.ly\/wp-content\/uploads\/2023\/10\/images3.png\" alt=\"imagess\" \/><\/div>\n\t\t\t\t\t\t\t\t\t<div class=\"elementor-tab-title elementor-tab-mobile-title\" aria-selected=\"false\" data-tab=\"4\" role=\"tab\" tabindex=\"-1\" aria-controls=\"elementor-tab-content-1754\" aria-expanded=\"false\">Privilegi dello sponsor argento 2<\/div>\n\t\t\t\t\t<div id=\"elementor-tab-content-1754\" class=\"elementor-tab-content elementor-clearfix\" data-tab=\"4\" role=\"tabpanel\" aria-labelledby=\"elementor-tab-title-1754\" tabindex=\"0\" hidden=\"hidden\"><h3>Marketing e promozione:<\/h3>\n<ul>\n  <li>Inserire il logo e il nome dell&#8217;azienda nella campagna pubblicitaria della fiera<\/li>\n  <li>Posizionamento del logo aziendale sullo sfondo principale dell&#8217;inaugurazione ufficiale<\/li>\n  <li>Mettere brochure aziendali sul banco di registrazione dei visitatori della mostra<\/li>\n  <li>Usufruire della promozione elettronica sul sito web della mostra<\/li>\n<\/ul>\n<h3>Vantaggi effettivi per lo sponsor:<\/h3>\n<ul>\n  <li>Un ringraziamento speciale alla cerimonia ufficiale di apertura\nOspitare rappresentanti dell&#8217;azienda nei laboratori della fiera.<\/li>\n  <li>Onorato alla cerimonia di chiusura con uno scudo e un certificato di apprezzamento per i meriti effettivi dello sponsor<\/li>\n  <li>Concedere allo sponsor una pagina pubblicitaria nella scheda della mostra<\/li>\n  <li>Assegnare un posto in prima fila a una persona dell&#8217;azienda con alti funzionari.<\/li>\n  <li>Prendi posto alle riunioni d&#8217;affari e agli incontri con il settore governativo durante tutta la mostra<\/li>\n<\/ul>\n<h3>Biglietti d&#8217;invito:<\/h3>\n<ul>\n  <li>1 Biglietti d&#8217;invito per una cena formale<\/li>\n  <li>4 biglietti d&#8217;invito per l&#8217;inaugurazione ufficiale<\/li>\n<\/ul>\n<pre>Prezzo di partecipazione: 60.000 D.L\n\n<\/pre>\n<img decoding=\"async\" src=\"https:\/\/www.madeinitaly.ly\/wp-content\/uploads\/2023\/10\/images4.png\" alt=\"images4\" \/><\/div>\n\t\t\t\t\t\t\t\t\t<div class=\"elementor-tab-title elementor-tab-mobile-title\" aria-selected=\"false\" data-tab=\"5\" role=\"tab\" tabindex=\"-1\" aria-controls=\"elementor-tab-content-1755\" aria-expanded=\"false\">Privilegi del partner di servizi<\/div>\n\t\t\t\t\t<div id=\"elementor-tab-content-1755\" class=\"elementor-tab-content elementor-clearfix\" data-tab=\"5\" role=\"tabpanel\" aria-labelledby=\"elementor-tab-title-1755\" tabindex=\"0\" hidden=\"hidden\"><ul>\n  <li>Inserisci il logo e il nome dell&#8217;azienda nella campagna pubblicitaria della fiera<\/li>\n  <li>Posizionamento del logo aziendale sullo sfondo principale dell&#8217;inaugurazione ufficiale<\/li>\n  <li>Inserimento del logo aziendale nella pagina principale della fiera<\/li>\n  <li>Inserimento del logo aziendale nella guida della mostra<\/li>\n  <li>Mettere brochure aziendali sul banco di registrazione dei visitatori della mostra<\/li>\n  <li>Usufruire della promozione elettronica sul sito web della mostra<\/li>\n  <li>Fornitura di un poster roll-up distribuito su tutte le pubblicazioni di marketing per la mostra<\/li>\n<\/ul>\n<h3>Vantaggi effettivi per il partner:<\/h3>\n<ul>\n  <li>Un ringraziamento speciale alla cerimonia ufficiale di apertura<\/li>\n  <li>Ospitare rappresentanti dell&#8217;azienda nei laboratori della fiera.<\/li>\n  <li>Onorato alla cerimonia di chiusura con uno scudo e un certificato di apprezzamento<\/li>\n  <li>Assegnazione di un posto in terza fila per due persone dell&#8217;azienda durante la cerimonia di apertura<\/li>\n<\/ul>\n<h3>Vantaggi post-fiera:<\/h3>\n<ul>\n  <li>Invia un collegamento via e-mail per il download\nIl file finale di tutto ci\u00f2 che \u00e8 stato discusso in fiera<\/li>\n  <li>Approfitta della promozione elettronica per un anno intero sul sito web della mostra<\/li>\n<\/ul>\n<h3>Biglietti d&#8217;invito:<\/h3>\n<ul>\n  <li>Biglietto d&#8217;invito per una cena formale<\/li>\n  <li>2 biglietti d&#8217;invito per l&#8217;inaugurazione ufficiale<\/li>\n<\/ul>\n<pre>Prezzo di partecipazione: 25.000 LYD<\/pre>\n<img decoding=\"async\" src=\"https:\/\/www.madeinitaly.ly\/wp-content\/uploads\/2023\/10\/images8.png\" alt=\"images11\" \/><\/div>\n\t\t\t\t\t\t\t<\/div>\n\t\t<\/div>\n\t\t\t\t<\/div>\n\t\t\t\t<\/div>\n\t\t\t\t\t<\/div>\n\t\t<\/div>\n\t\t\t\t\t\t\t<\/div>\n\t\t<\/section>\n\t\t\t\t\t\t\t<\/div>\n\t\t<div class=\"sharing-default-minimal post-bottom\"><div class=\"nectar-social default\" data-position=\"\" data-rm-love=\"0\" data-color-override=\"override\"><div class=\"nectar-social-inner\"><a href=\"#\" class=\"nectar-love\" id=\"nectar-love-6976\" title=\"Love this\"> <i class=\"icon-salient-heart-2\"><\/i><span class=\"love-text\">Love<\/span><span class=\"total_loves\"><span class=\"nectar-love-count\">0<\/span><\/span><\/a><a class='facebook-share nectar-sharing' href='#' title='Share this'> <i class='fa fa-facebook'><\/i> <span class='social-text'>Share<\/span> <\/a><a class='twitter-share nectar-sharing' href='#' title='Tweet this'> <i class='fa fa-twitter'><\/i> <span class='social-text'>Tweet<\/span> <\/a><a class='linkedin-share nectar-sharing' href='#' title='Share this'> <i class='fa fa-linkedin'><\/i> <span class='social-text'>Share<\/span> <\/a><a class='pinterest-share nectar-sharing' href='#' title='Pin this'> <i class='fa fa-pinterest'><\/i> <span class='social-text'>Pin<\/span> <\/a><\/div><\/div><\/div>","protected":false},"excerpt":{"rendered":"<p>Benefici per i sostenitori Privilegi del partner strategico Privilegi di sponsor ufficiale Privilegi del Golden Sponsor 3 Privilegi dello sponsor argento 2 Privilegi del partner di servizi Privilegi del partner strategico Vantaggi effettivi per lo sponsor: Un ringraziamento speciale alla cerimonia ufficiale di apertura Discorso all&#8217;inaugurazione ufficiale Ospitare rappresentanti aziendali nei workshop Per la mostra. [&hellip;]<\/p>\n","protected":false},"author":1,"featured_media":0,"parent":0,"menu_order":0,"comment_status":"closed","ping_status":"closed","template":"templates\/page-builder-content.php","meta":{"footnotes":""},"class_list":["post-6976","page","type-page","status-publish","hentry"],"_links":{"self":[{"href":"https:\/\/www.madeinitaly.ly\/it\/wp-json\/wp\/v2\/pages\/6976","targetHints":{"allow":["GET"]}}],"collection":[{"href":"https:\/\/www.madeinitaly.ly\/it\/wp-json\/wp\/v2\/pages"}],"about":[{"href":"https:\/\/www.madeinitaly.ly\/it\/wp-json\/wp\/v2\/types\/page"}],"author":[{"embeddable":true,"href":"https:\/\/www.madeinitaly.ly\/it\/wp-json\/wp\/v2\/users\/1"}],"replies":[{"embeddable":true,"href":"https:\/\/www.madeinitaly.ly\/it\/wp-json\/wp\/v2\/comments?post=6976"}],"version-history":[{"count":34,"href":"https:\/\/www.madeinitaly.ly\/it\/wp-json\/wp\/v2\/pages\/6976\/revisions"}],"predecessor-version":[{"id":8861,"href":"https:\/\/www.madeinitaly.ly\/it\/wp-json\/wp\/v2\/pages\/6976\/revisions\/8861"}],"wp:attachment":[{"href":"https:\/\/www.madeinitaly.ly\/it\/wp-json\/wp\/v2\/media?parent=6976"}],"curies":[{"name":"wp","href":"https:\/\/api.w.org\/{rel}","templated":true}]}}